{"id":1208,"date":"2021-04-09T16:02:44","date_gmt":"2021-04-09T16:02:44","guid":{"rendered":"http:\/\/garybrunton.com\/?page_id=1208"},"modified":"2021-04-09T16:02:44","modified_gmt":"2021-04-09T16:02:44","slug":"interplay","status":"publish","type":"page","link":"https:\/\/garybrunton.com\/fr\/groupes\/interplay","title":{"rendered":"Interplay"},"content":{"rendered":"\n<p class=\"has-text-align-center\">Trio piano, guitar, double bass with&nbsp;<strong>Laurent Guanzini<\/strong>&nbsp;and&nbsp;<strong>Fr\u00e9d\u00e9ric Loiseau<\/strong><\/p>\n\n\n\n<p class=\"has-text-align-center\"><iframe loading=\"lazy\" title=\"Trio Interplay\" width=\"990\" height=\"557\" src=\"https:\/\/www.youtube.com\/embed\/LZamzrPsd7A?list=UUGo8o3JL6Jy7Bmeis3eKaUA\" frameborder=\"0\" allow=\"accelerometer; autoplay; clipboard-write; encrypted-media; gyroscope; picture-in-picture\" allowfullscreen><\/iframe><\/p>\n\n\n\n<h2 class=\"wp-block-heading\">Audio<\/h2>\n\n\n\n<figure class=\"wp-block-audio\"><audio controls src=\"http:\/\/garybrunton.com\/wp-content\/uploads\/2014\/06\/Jonquilles-1.mp3\"><\/audio><figcaption>\u00ab\u00a0Jonquilles\u00a0\u00bb (Gary Brunton) live recording in Verri\u00e8res le Buisson on 24\/05\/2014<\/figcaption><\/figure>\n\n\n\n<h2 class=\"wp-block-heading\">Documentation<\/h2>\n\n\n\n<p class=\"has-text-align-center\">Documentation&nbsp;:&nbsp;<a href=\"http:\/\/www.garybrunton.com\/wp-content\/uploads\/2014\/05\/Interplay_.pdf\" target=\"_blank\" rel=\"noreferrer noopener\">t\u00e9l\u00e9chargez le PDF<\/a><\/p>\n","protected":false},"excerpt":{"rendered":"<p>Trio piano, guitar, double bass with&nbsp;Laurent Guanzini&nbsp;and&nbsp;Fr\u00e9d\u00e9ric Loiseau Audio Documentation Documentation&nbsp;:&nbsp;t\u00e9l\u00e9chargez le PDF<\/p>\n","protected":false},"author":1,"featured_media":0,"parent":1234,"menu_order":0,"comment_status":"closed","ping_status":"closed","template":"","meta":{"footnotes":""},"class_list":["post-1208","page","type-page","status-publish","hentry"],"yoast_head":"<!-- This site is optimized with the Yoast SEO plugin v27.6 - https:\/\/yoast.com\/product\/yoast-seo-wordpress\/ -->\n<title>Interplay - Gary Brunton<\/title>\n<meta name=\"robots\" content=\"index, follow, max-snippet:-1, max-image-preview:large, max-video-preview:-1\" \/>\n<link rel=\"canonical\" href=\"https:\/\/garybrunton.com\/fr\/groupes\/interplay\" \/>\n<meta property=\"og:locale\" content=\"fr_FR\" \/>\n<meta property=\"og:type\" content=\"article\" \/>\n<meta property=\"og:title\" content=\"Interplay - Gary Brunton\" \/>\n<meta property=\"og:description\" content=\"Trio piano, guitar, double bass with&nbsp;Laurent Guanzini&nbsp;and&nbsp;Fr\u00e9d\u00e9ric Loiseau Audio Documentation Documentation&nbsp;:&nbsp;t\u00e9l\u00e9chargez le PDF\" \/>\n<meta property=\"og:url\" content=\"https:\/\/garybrunton.com\/fr\/groupes\/interplay\" \/>\n<meta property=\"og:site_name\" content=\"Gary Brunton\" \/>\n<meta name=\"twitter:card\" content=\"summary_large_image\" \/>\n<script type=\"application\/ld+json\" class=\"yoast-schema-graph\">{\"@context\":\"https:\\\/\\\/schema.org\",\"@graph\":[{\"@type\":\"WebPage\",\"@id\":\"https:\\\/\\\/garybrunton.com\\\/fr\\\/groupes\\\/interplay\",\"url\":\"https:\\\/\\\/garybrunton.com\\\/fr\\\/groupes\\\/interplay\",\"name\":\"Interplay - Gary Brunton\",\"isPartOf\":{\"@id\":\"https:\\\/\\\/garybrunton.com\\\/#website\"},\"datePublished\":\"2021-04-09T16:02:44+00:00\",\"breadcrumb\":{\"@id\":\"https:\\\/\\\/garybrunton.com\\\/fr\\\/groupes\\\/interplay#breadcrumb\"},\"inLanguage\":\"fr-FR\",\"potentialAction\":[{\"@type\":\"ReadAction\",\"target\":[\"https:\\\/\\\/garybrunton.com\\\/fr\\\/groupes\\\/interplay\"]}]},{\"@type\":\"BreadcrumbList\",\"@id\":\"https:\\\/\\\/garybrunton.com\\\/fr\\\/groupes\\\/interplay#breadcrumb\",\"itemListElement\":[{\"@type\":\"ListItem\",\"position\":1,\"name\":\"Home\",\"item\":\"https:\\\/\\\/garybrunton.com\\\/fr\"},{\"@type\":\"ListItem\",\"position\":2,\"name\":\"Groupes\",\"item\":\"https:\\\/\\\/garybrunton.com\\\/fr\\\/groupes\"},{\"@type\":\"ListItem\",\"position\":3,\"name\":\"Interplay\"}]},{\"@type\":\"WebSite\",\"@id\":\"https:\\\/\\\/garybrunton.com\\\/#website\",\"url\":\"https:\\\/\\\/garybrunton.com\\\/\",\"name\":\"Gary Brunton\",\"description\":\"Jazzman\",\"publisher\":{\"@id\":\"https:\\\/\\\/garybrunton.com\\\/#\\\/schema\\\/person\\\/018ba70c5d1317be209990cfdd79062e\"},\"potentialAction\":[{\"@type\":\"SearchAction\",\"target\":{\"@type\":\"EntryPoint\",\"urlTemplate\":\"https:\\\/\\\/garybrunton.com\\\/?s={search_term_string}\"},\"query-input\":{\"@type\":\"PropertyValueSpecification\",\"valueRequired\":true,\"valueName\":\"search_term_string\"}}],\"inLanguage\":\"fr-FR\"},{\"@type\":[\"Person\",\"Organization\"],\"@id\":\"https:\\\/\\\/garybrunton.com\\\/#\\\/schema\\\/person\\\/018ba70c5d1317be209990cfdd79062e\",\"name\":\"Gary Brunton\",\"image\":{\"@type\":\"ImageObject\",\"inLanguage\":\"fr-FR\",\"@id\":\"https:\\\/\\\/garybrunton.com\\\/wp-content\\\/uploads\\\/2023\\\/03\\\/Logo-Gary-Brunton-1.png\",\"url\":\"https:\\\/\\\/garybrunton.com\\\/wp-content\\\/uploads\\\/2023\\\/03\\\/Logo-Gary-Brunton-1.png\",\"contentUrl\":\"https:\\\/\\\/garybrunton.com\\\/wp-content\\\/uploads\\\/2023\\\/03\\\/Logo-Gary-Brunton-1.png\",\"width\":1024,\"height\":434,\"caption\":\"Gary Brunton\"},\"logo\":{\"@id\":\"https:\\\/\\\/garybrunton.com\\\/wp-content\\\/uploads\\\/2023\\\/03\\\/Logo-Gary-Brunton-1.png\"}}]}<\/script>\n<!-- \/ Yoast SEO plugin. -->","yoast_head_json":{"title":"Interplay - Gary Brunton","robots":{"index":"index","follow":"follow","max-snippet":"max-snippet:-1","max-image-preview":"max-image-preview:large","max-video-preview":"max-video-preview:-1"},"canonical":"https:\/\/garybrunton.com\/fr\/groupes\/interplay","og_locale":"fr_FR","og_type":"article","og_title":"Interplay - Gary Brunton","og_description":"Trio piano, guitar, double bass with&nbsp;Laurent Guanzini&nbsp;and&nbsp;Fr\u00e9d\u00e9ric Loiseau Audio Documentation Documentation&nbsp;:&nbsp;t\u00e9l\u00e9chargez le PDF","og_url":"https:\/\/garybrunton.com\/fr\/groupes\/interplay","og_site_name":"Gary Brunton","twitter_card":"summary_large_image","schema":{"@context":"https:\/\/schema.org","@graph":[{"@type":"WebPage","@id":"https:\/\/garybrunton.com\/fr\/groupes\/interplay","url":"https:\/\/garybrunton.com\/fr\/groupes\/interplay","name":"Interplay - Gary Brunton","isPartOf":{"@id":"https:\/\/garybrunton.com\/#website"},"datePublished":"2021-04-09T16:02:44+00:00","breadcrumb":{"@id":"https:\/\/garybrunton.com\/fr\/groupes\/interplay#breadcrumb"},"inLanguage":"fr-FR","potentialAction":[{"@type":"ReadAction","target":["https:\/\/garybrunton.com\/fr\/groupes\/interplay"]}]},{"@type":"BreadcrumbList","@id":"https:\/\/garybrunton.com\/fr\/groupes\/interplay#breadcrumb","itemListElement":[{"@type":"ListItem","position":1,"name":"Home","item":"https:\/\/garybrunton.com\/fr"},{"@type":"ListItem","position":2,"name":"Groupes","item":"https:\/\/garybrunton.com\/fr\/groupes"},{"@type":"ListItem","position":3,"name":"Interplay"}]},{"@type":"WebSite","@id":"https:\/\/garybrunton.com\/#website","url":"https:\/\/garybrunton.com\/","name":"Gary Brunton","description":"Jazzman","publisher":{"@id":"https:\/\/garybrunton.com\/#\/schema\/person\/018ba70c5d1317be209990cfdd79062e"},"potentialAction":[{"@type":"SearchAction","target":{"@type":"EntryPoint","urlTemplate":"https:\/\/garybrunton.com\/?s={search_term_string}"},"query-input":{"@type":"PropertyValueSpecification","valueRequired":true,"valueName":"search_term_string"}}],"inLanguage":"fr-FR"},{"@type":["Person","Organization"],"@id":"https:\/\/garybrunton.com\/#\/schema\/person\/018ba70c5d1317be209990cfdd79062e","name":"Gary Brunton","image":{"@type":"ImageObject","inLanguage":"fr-FR","@id":"https:\/\/garybrunton.com\/wp-content\/uploads\/2023\/03\/Logo-Gary-Brunton-1.png","url":"https:\/\/garybrunton.com\/wp-content\/uploads\/2023\/03\/Logo-Gary-Brunton-1.png","contentUrl":"https:\/\/garybrunton.com\/wp-content\/uploads\/2023\/03\/Logo-Gary-Brunton-1.png","width":1024,"height":434,"caption":"Gary Brunton"},"logo":{"@id":"https:\/\/garybrunton.com\/wp-content\/uploads\/2023\/03\/Logo-Gary-Brunton-1.png"}}]}},"_links":{"self":[{"href":"https:\/\/garybrunton.com\/fr\/wp-json\/wp\/v2\/pages\/1208","targetHints":{"allow":["GET"]}}],"collection":[{"href":"https:\/\/garybrunton.com\/fr\/wp-json\/wp\/v2\/pages"}],"about":[{"href":"https:\/\/garybrunton.com\/fr\/wp-json\/wp\/v2\/types\/page"}],"author":[{"embeddable":true,"href":"https:\/\/garybrunton.com\/fr\/wp-json\/wp\/v2\/users\/1"}],"replies":[{"embeddable":true,"href":"https:\/\/garybrunton.com\/fr\/wp-json\/wp\/v2\/comments?post=1208"}],"version-history":[{"count":1,"href":"https:\/\/garybrunton.com\/fr\/wp-json\/wp\/v2\/pages\/1208\/revisions"}],"predecessor-version":[{"id":1209,"href":"https:\/\/garybrunton.com\/fr\/wp-json\/wp\/v2\/pages\/1208\/revisions\/1209"}],"up":[{"embeddable":true,"href":"https:\/\/garybrunton.com\/fr\/wp-json\/wp\/v2\/pages\/1234"}],"wp:attachment":[{"href":"https:\/\/garybrunton.com\/fr\/wp-json\/wp\/v2\/media?parent=1208"}],"curies":[{"name":"wp","href":"https:\/\/api.w.org\/{rel}","templated":true}]}}