{"id":1234,"date":"2021-04-10T11:16:50","date_gmt":"2021-04-10T11:16:50","guid":{"rendered":"http:\/\/garybrunton.com\/?page_id=1234"},"modified":"2025-07-23T14:14:14","modified_gmt":"2025-07-23T12:14:14","slug":"groupes","status":"publish","type":"page","link":"https:\/\/garybrunton.com\/fr\/groupes","title":{"rendered":"Groupes"},"content":{"rendered":"\n<div class=\"wp-block-columns is-layout-flex wp-container-core-columns-is-layout-9d6595d7 wp-block-columns-is-layout-flex\">\n<div class=\"wp-block-column is-layout-flow wp-block-column-is-layout-flow\">\n<figure class=\"wp-block-image size-full\"><a href=\"https:\/\/garybrunton.com\/fr\/groupes\/spacecraft\"><img loading=\"lazy\" decoding=\"async\" width=\"960\" height=\"960\" src=\"https:\/\/garybrunton.com\/wp-content\/uploads\/2025\/03\/SP-POUR-WEB-3000x3000-1.jpeg\" alt=\"\" class=\"wp-image-2701\" style=\"aspect-ratio:1;object-fit:cover\" srcset=\"https:\/\/garybrunton.com\/wp-content\/uploads\/2025\/03\/SP-POUR-WEB-3000x3000-1.jpeg 960w, https:\/\/garybrunton.com\/wp-content\/uploads\/2025\/03\/SP-POUR-WEB-3000x3000-1-300x300.jpeg 300w, https:\/\/garybrunton.com\/wp-content\/uploads\/2025\/03\/SP-POUR-WEB-3000x3000-1-150x150.jpeg 150w, https:\/\/garybrunton.com\/wp-content\/uploads\/2025\/03\/SP-POUR-WEB-3000x3000-1-768x768.jpeg 768w, https:\/\/garybrunton.com\/wp-content\/uploads\/2025\/03\/SP-POUR-WEB-3000x3000-1-640x640.jpeg 640w, https:\/\/garybrunton.com\/wp-content\/uploads\/2025\/03\/SP-POUR-WEB-3000x3000-1-180x180.jpeg 180w, https:\/\/garybrunton.com\/wp-content\/uploads\/2025\/03\/SP-POUR-WEB-3000x3000-1-50x50.jpeg 50w\" sizes=\"auto, (max-width: 960px) 100vw, 960px\" \/><\/a><\/figure>\n\n\n\n<h2 class=\"wp-block-heading\" style=\"font-size:30px\"><a href=\"https:\/\/garybrunton.com\/fr\/groupes\/spacecraft\/\" data-type=\"page\" data-id=\"2237\">Spacecraft<\/a><\/h2>\n\n\n\n<p class=\"has-small-font-size\">Gary Brunton<br>L\u00e9a Ciechelski<br>Emma Rawicz<br>Benjamin Garson<br>Simon Goubert<\/p>\n<\/div>\n\n\n\n<div class=\"wp-block-column is-layout-flow wp-block-column-is-layout-flow\">\n<figure class=\"wp-block-image size-full\"><a href=\"https:\/\/garybrunton.com\/fr\/groupes\/look-north-2\"><img loading=\"lazy\" decoding=\"async\" width=\"960\" height=\"960\" src=\"https:\/\/garybrunton.com\/wp-content\/uploads\/2025\/03\/Look-North_front-3000x3000-1.jpeg\" alt=\"\" class=\"wp-image-2684\" style=\"aspect-ratio:1;object-fit:cover\" srcset=\"https:\/\/garybrunton.com\/wp-content\/uploads\/2025\/03\/Look-North_front-3000x3000-1.jpeg 960w, https:\/\/garybrunton.com\/wp-content\/uploads\/2025\/03\/Look-North_front-3000x3000-1-300x300.jpeg 300w, https:\/\/garybrunton.com\/wp-content\/uploads\/2025\/03\/Look-North_front-3000x3000-1-150x150.jpeg 150w, https:\/\/garybrunton.com\/wp-content\/uploads\/2025\/03\/Look-North_front-3000x3000-1-768x768.jpeg 768w, https:\/\/garybrunton.com\/wp-content\/uploads\/2025\/03\/Look-North_front-3000x3000-1-640x640.jpeg 640w, https:\/\/garybrunton.com\/wp-content\/uploads\/2025\/03\/Look-North_front-3000x3000-1-180x180.jpeg 180w, https:\/\/garybrunton.com\/wp-content\/uploads\/2025\/03\/Look-North_front-3000x3000-1-50x50.jpeg 50w\" sizes=\"auto, (max-width: 960px) 100vw, 960px\" \/><\/a><\/figure>\n\n\n\n<h2 class=\"wp-block-heading\" style=\"font-size:30px\"><a href=\"https:\/\/garybrunton.com\/fr\/groupes\/look-north\/\" data-type=\"page\" data-id=\"2240\">Look North<\/a><\/h2>\n\n\n\n<p class=\"has-small-font-size\">Gary Brunton<br>C\u00e9l\u00e9stine de Williencourt<br>Daniel Beaussier<\/p>\n<\/div>\n\n\n\n<div class=\"wp-block-column is-layout-flow wp-block-column-is-layout-flow\">\n<figure class=\"wp-block-image size-full\"><a href=\"https:\/\/garybrunton.com\/fr\/groupes\/tren-dydd\/\"><img loading=\"lazy\" decoding=\"async\" width=\"530\" height=\"480\" src=\"https:\/\/garybrunton.com\/wp-content\/uploads\/2023\/03\/Tren-Dydd-album-cover.jpeg\" alt=\"\" class=\"wp-image-2020\" style=\"aspect-ratio:1;object-fit:cover\" srcset=\"https:\/\/garybrunton.com\/wp-content\/uploads\/2023\/03\/Tren-Dydd-album-cover.jpeg 530w, https:\/\/garybrunton.com\/wp-content\/uploads\/2023\/03\/Tren-Dydd-album-cover-300x272.jpeg 300w\" sizes=\"auto, (max-width: 530px) 100vw, 530px\" \/><\/a><\/figure>\n\n\n\n<h2 class=\"wp-block-heading\" style=\"font-size:30px\"><a href=\"https:\/\/garybrunton.com\/fr\/groupes\/tren-dydd\/\" data-type=\"page\" data-id=\"1747\">Tr\u00ean Dydd<\/a><\/h2>\n\n\n\n<p class=\"has-small-font-size\">Gary Brunton<br>Fran\u00e7ois Jeanneau<br>Andrea Michelutti<\/p>\n<\/div>\n\n\n\n<div class=\"wp-block-column is-layout-flow wp-block-column-is-layout-flow\">\n<figure class=\"wp-block-image size-large\"><a href=\"http:\/\/garybrunton.com\/fr\/groupes\/pee-bee\/\"><img loading=\"lazy\" decoding=\"async\" width=\"1024\" height=\"926\" src=\"http:\/\/garybrunton.com\/wp-content\/uploads\/2020\/09\/PEE-BEE-DOLCE-VITA-1024x926.jpeg\" alt=\"\" class=\"wp-image-1316\" style=\"aspect-ratio:1;object-fit:cover\" srcset=\"https:\/\/garybrunton.com\/wp-content\/uploads\/2020\/09\/PEE-BEE-DOLCE-VITA-1024x926.jpeg 1024w, https:\/\/garybrunton.com\/wp-content\/uploads\/2020\/09\/PEE-BEE-DOLCE-VITA-300x271.jpeg 300w, https:\/\/garybrunton.com\/wp-content\/uploads\/2020\/09\/PEE-BEE-DOLCE-VITA-768x695.jpeg 768w, https:\/\/garybrunton.com\/wp-content\/uploads\/2020\/09\/PEE-BEE-DOLCE-VITA-1536x1389.jpeg 1536w, https:\/\/garybrunton.com\/wp-content\/uploads\/2020\/09\/PEE-BEE-DOLCE-VITA.jpeg 1624w\" sizes=\"auto, (max-width: 1024px) 100vw, 1024px\" \/><\/a><\/figure>\n\n\n\n<h2 class=\"wp-block-heading\" style=\"font-size:30px\"><a href=\"http:\/\/garybrunton.com\/fr\/groupes\/pee-bee\/\">Pee Bee<\/a><\/h2>\n\n\n\n<p class=\"has-small-font-size\">Gary Brunton<br>Gilles Relisieux<br>Sandrine Deschamps<br>David Patrois<br>Eric Desbois<br>Didier Forget<br>J\u00e9r\u00e9mie Bernard<br>Daniele Israel<br>Vincent Renaudineau<br>Luc Isenmann<br>Julien Dubois<\/p>\n<\/div>\n\n\n\n<div class=\"wp-block-column is-layout-flow wp-block-column-is-layout-flow\">\n<figure class=\"wp-block-image size-large is-style-default\"><a href=\"http:\/\/garybrunton.com\/fr\/groupes\/night-bus\/\"><img loading=\"lazy\" decoding=\"async\" width=\"1024\" height=\"907\" src=\"http:\/\/garybrunton.com\/wp-content\/uploads\/2020\/09\/Pochette-Night-Bus_visu_V2-copie.jpeg_Page_1-1024x907.jpg\" alt=\"\" class=\"wp-image-1303\" style=\"aspect-ratio:1;object-fit:cover\" srcset=\"https:\/\/garybrunton.com\/wp-content\/uploads\/2020\/09\/Pochette-Night-Bus_visu_V2-copie.jpeg_Page_1-1024x907.jpg 1024w, https:\/\/garybrunton.com\/wp-content\/uploads\/2020\/09\/Pochette-Night-Bus_visu_V2-copie.jpeg_Page_1-300x266.jpg 300w, https:\/\/garybrunton.com\/wp-content\/uploads\/2020\/09\/Pochette-Night-Bus_visu_V2-copie.jpeg_Page_1-768x681.jpg 768w, https:\/\/garybrunton.com\/wp-content\/uploads\/2020\/09\/Pochette-Night-Bus_visu_V2-copie.jpeg_Page_1.jpg 1511w\" sizes=\"auto, (max-width: 1024px) 100vw, 1024px\" \/><\/a><\/figure>\n\n\n\n<h2 class=\"wp-block-heading\" style=\"font-size:30px\"><a href=\"http:\/\/garybrunton.com\/fr\/groupes\/night-bus\/\">Night Bus<\/a><\/h2>\n\n\n\n<p class=\"has-small-font-size\">Gary Brunton<br>Simon Goubert<br>Bojan Z<\/p>\n<\/div>\n<\/div>\n\n\n\n<div class=\"wp-block-columns is-layout-flex wp-container-core-columns-is-layout-9d6595d7 wp-block-columns-is-layout-flex\">\n<div class=\"wp-block-column is-layout-flow wp-block-column-is-layout-flow\">\n<figure class=\"wp-block-image size-full\"><a href=\"garybrunton.com\/fr\/groupes\/interplay\/\"><img loading=\"lazy\" decoding=\"async\" width=\"442\" height=\"399\" src=\"http:\/\/garybrunton.com\/wp-content\/uploads\/2013\/12\/IMG_3271-e1618314054897.jpeg\" alt=\"Interplay\" class=\"wp-image-1448\" style=\"aspect-ratio:1;object-fit:cover\" srcset=\"https:\/\/garybrunton.com\/wp-content\/uploads\/2013\/12\/IMG_3271-e1618314054897.jpeg 442w, https:\/\/garybrunton.com\/wp-content\/uploads\/2013\/12\/IMG_3271-e1618314054897-300x271.jpeg 300w\" sizes=\"auto, (max-width: 442px) 100vw, 442px\" \/><\/a><\/figure>\n\n\n\n<h2 class=\"wp-block-heading\" style=\"font-size:30px\"><a href=\"http:\/\/garybrunton.com\/fr\/groupes\/interplay\/\">Interplay<\/a><\/h2>\n\n\n\n<p class=\"has-small-font-size\">Laurent Guanzini<br>Fr\u00e9d\u00e9ric Loiseau<br>Gary Brunton<\/p>\n<\/div>\n\n\n\n<div class=\"wp-block-column is-layout-flow wp-block-column-is-layout-flow\">\n<figure class=\"wp-block-image size-large\"><a href=\"http:\/\/garybrunton.com\/fr\/groupes\/bruntoff\/\"><img loading=\"lazy\" decoding=\"async\" width=\"1024\" height=\"924\" src=\"http:\/\/garybrunton.com\/wp-content\/uploads\/2014\/07\/bruntoff-1024x924.jpg\" alt=\"Brunt'Off - French Cricket\" class=\"wp-image-1337\" style=\"aspect-ratio:1;object-fit:cover\" srcset=\"https:\/\/garybrunton.com\/wp-content\/uploads\/2014\/07\/bruntoff-1024x924.jpg 1024w, https:\/\/garybrunton.com\/wp-content\/uploads\/2014\/07\/bruntoff-300x270.jpg 300w, https:\/\/garybrunton.com\/wp-content\/uploads\/2014\/07\/bruntoff-624x563.jpg 624w, https:\/\/garybrunton.com\/wp-content\/uploads\/2014\/07\/bruntoff.jpg 1644w\" sizes=\"auto, (max-width: 1024px) 100vw, 1024px\" \/><\/a><\/figure>\n\n\n\n<h2 class=\"wp-block-heading\" style=\"font-size:30px\"><a href=\"http:\/\/garybrunton.com\/fr\/groupes\/bruntoff\/\">Brunt&rsquo;Off<\/a><\/h2>\n\n\n\n<p class=\"has-small-font-size\">Gary Brunton<br>Jean-Charles Richard<br>Fr\u00e9d\u00e9ric Norel<br>Edouard Ferlet<br>Eric L\u00f6hrer<br>Luc Isenmann<\/p>\n<\/div>\n\n\n\n<div class=\"wp-block-column is-layout-flow wp-block-column-is-layout-flow\"><\/div>\n\n\n\n<div class=\"wp-block-column is-layout-flow wp-block-column-is-layout-flow\"><\/div>\n\n\n\n<div class=\"wp-block-column is-layout-flow wp-block-column-is-layout-flow\"><\/div>\n<\/div>\n","protected":false},"excerpt":{"rendered":"<p>Spacecraft Gary BruntonL\u00e9a CiechelskiEmma RawiczBenjamin GarsonSimon Goubert Look North Gary BruntonC\u00e9l\u00e9stine de WilliencourtDaniel Beaussier Tr\u00ean Dydd Gary BruntonFran\u00e7ois JeanneauAndrea Michelutti Pee Bee Gary BruntonGilles RelisieuxSandrine DeschampsDavid PatroisEric DesboisDidier ForgetJ\u00e9r\u00e9mie BernardDaniele<a href=\"https:\/\/garybrunton.com\/fr\/groupes\" class=\"more-link\"><span class=\"readmore\">Continue reading<span class=\"screen-reader-text\">Groupes<\/span><\/span><\/a><\/p>\n","protected":false},"author":1,"featured_media":0,"parent":0,"menu_order":0,"comment_status":"closed","ping_status":"closed","template":"","meta":{"footnotes":""},"class_list":["post-1234","page","type-page","status-publish","hentry"],"yoast_head":"<!-- This site is optimized with the Yoast SEO plugin v27.6 - https:\/\/yoast.com\/product\/yoast-seo-wordpress\/ -->\n<title>Groupes - Gary Brunton<\/title>\n<meta name=\"robots\" content=\"index, follow, max-snippet:-1, max-image-preview:large, max-video-preview:-1\" \/>\n<link rel=\"canonical\" href=\"https:\/\/garybrunton.com\/fr\/groupes\" \/>\n<meta property=\"og:locale\" content=\"fr_FR\" \/>\n<meta property=\"og:type\" content=\"article\" \/>\n<meta property=\"og:title\" content=\"Groupes - Gary Brunton\" \/>\n<meta property=\"og:description\" content=\"Spacecraft Gary BruntonL\u00e9a CiechelskiEmma RawiczBenjamin GarsonSimon Goubert Look North Gary BruntonC\u00e9l\u00e9stine de WilliencourtDaniel Beaussier Tr\u00ean Dydd Gary BruntonFran\u00e7ois JeanneauAndrea Michelutti Pee Bee Gary BruntonGilles RelisieuxSandrine DeschampsDavid PatroisEric DesboisDidier ForgetJ\u00e9r\u00e9mie BernardDanieleContinue readingGroupes\" \/>\n<meta property=\"og:url\" content=\"https:\/\/garybrunton.com\/fr\/groupes\" \/>\n<meta property=\"og:site_name\" content=\"Gary Brunton\" \/>\n<meta property=\"article:modified_time\" content=\"2025-07-23T12:14:14+00:00\" \/>\n<meta property=\"og:image\" content=\"https:\/\/garybrunton.com\/wp-content\/uploads\/2025\/03\/SP-POUR-WEB-3000x3000-1.jpeg\" \/>\n\t<meta property=\"og:image:width\" content=\"960\" \/>\n\t<meta property=\"og:image:height\" content=\"960\" \/>\n\t<meta property=\"og:image:type\" content=\"image\/jpeg\" \/>\n<meta name=\"twitter:card\" content=\"summary_large_image\" \/>\n<meta name=\"twitter:label1\" content=\"Dur\u00e9e de lecture estim\u00e9e\" \/>\n\t<meta name=\"twitter:data1\" content=\"2 minutes\" \/>\n<script type=\"application\/ld+json\" class=\"yoast-schema-graph\">{\"@context\":\"https:\\\/\\\/schema.org\",\"@graph\":[{\"@type\":\"WebPage\",\"@id\":\"https:\\\/\\\/garybrunton.com\\\/fr\\\/groupes\",\"url\":\"https:\\\/\\\/garybrunton.com\\\/fr\\\/groupes\",\"name\":\"Groupes - Gary Brunton\",\"isPartOf\":{\"@id\":\"https:\\\/\\\/garybrunton.com\\\/#website\"},\"primaryImageOfPage\":{\"@id\":\"https:\\\/\\\/garybrunton.com\\\/fr\\\/groupes#primaryimage\"},\"image\":{\"@id\":\"https:\\\/\\\/garybrunton.com\\\/fr\\\/groupes#primaryimage\"},\"thumbnailUrl\":\"https:\\\/\\\/garybrunton.com\\\/wp-content\\\/uploads\\\/2025\\\/03\\\/SP-POUR-WEB-3000x3000-1.jpeg\",\"datePublished\":\"2021-04-10T11:16:50+00:00\",\"dateModified\":\"2025-07-23T12:14:14+00:00\",\"breadcrumb\":{\"@id\":\"https:\\\/\\\/garybrunton.com\\\/fr\\\/groupes#breadcrumb\"},\"inLanguage\":\"fr-FR\",\"potentialAction\":[{\"@type\":\"ReadAction\",\"target\":[\"https:\\\/\\\/garybrunton.com\\\/fr\\\/groupes\"]}]},{\"@type\":\"ImageObject\",\"inLanguage\":\"fr-FR\",\"@id\":\"https:\\\/\\\/garybrunton.com\\\/fr\\\/groupes#primaryimage\",\"url\":\"https:\\\/\\\/garybrunton.com\\\/wp-content\\\/uploads\\\/2025\\\/03\\\/SP-POUR-WEB-3000x3000-1.jpeg\",\"contentUrl\":\"https:\\\/\\\/garybrunton.com\\\/wp-content\\\/uploads\\\/2025\\\/03\\\/SP-POUR-WEB-3000x3000-1.jpeg\"},{\"@type\":\"BreadcrumbList\",\"@id\":\"https:\\\/\\\/garybrunton.com\\\/fr\\\/groupes#breadcrumb\",\"itemListElement\":[{\"@type\":\"ListItem\",\"position\":1,\"name\":\"Home\",\"item\":\"https:\\\/\\\/garybrunton.com\\\/fr\"},{\"@type\":\"ListItem\",\"position\":2,\"name\":\"Groupes\"}]},{\"@type\":\"WebSite\",\"@id\":\"https:\\\/\\\/garybrunton.com\\\/#website\",\"url\":\"https:\\\/\\\/garybrunton.com\\\/\",\"name\":\"Gary Brunton\",\"description\":\"Jazzman\",\"publisher\":{\"@id\":\"https:\\\/\\\/garybrunton.com\\\/#\\\/schema\\\/person\\\/018ba70c5d1317be209990cfdd79062e\"},\"potentialAction\":[{\"@type\":\"SearchAction\",\"target\":{\"@type\":\"EntryPoint\",\"urlTemplate\":\"https:\\\/\\\/garybrunton.com\\\/?s={search_term_string}\"},\"query-input\":{\"@type\":\"PropertyValueSpecification\",\"valueRequired\":true,\"valueName\":\"search_term_string\"}}],\"inLanguage\":\"fr-FR\"},{\"@type\":[\"Person\",\"Organization\"],\"@id\":\"https:\\\/\\\/garybrunton.com\\\/#\\\/schema\\\/person\\\/018ba70c5d1317be209990cfdd79062e\",\"name\":\"Gary Brunton\",\"image\":{\"@type\":\"ImageObject\",\"inLanguage\":\"fr-FR\",\"@id\":\"https:\\\/\\\/garybrunton.com\\\/wp-content\\\/uploads\\\/2023\\\/03\\\/Logo-Gary-Brunton-1.png\",\"url\":\"https:\\\/\\\/garybrunton.com\\\/wp-content\\\/uploads\\\/2023\\\/03\\\/Logo-Gary-Brunton-1.png\",\"contentUrl\":\"https:\\\/\\\/garybrunton.com\\\/wp-content\\\/uploads\\\/2023\\\/03\\\/Logo-Gary-Brunton-1.png\",\"width\":1024,\"height\":434,\"caption\":\"Gary Brunton\"},\"logo\":{\"@id\":\"https:\\\/\\\/garybrunton.com\\\/wp-content\\\/uploads\\\/2023\\\/03\\\/Logo-Gary-Brunton-1.png\"}}]}<\/script>\n<!-- \/ Yoast SEO plugin. -->","yoast_head_json":{"title":"Groupes - Gary Brunton","robots":{"index":"index","follow":"follow","max-snippet":"max-snippet:-1","max-image-preview":"max-image-preview:large","max-video-preview":"max-video-preview:-1"},"canonical":"https:\/\/garybrunton.com\/fr\/groupes","og_locale":"fr_FR","og_type":"article","og_title":"Groupes - Gary Brunton","og_description":"Spacecraft Gary BruntonL\u00e9a CiechelskiEmma RawiczBenjamin GarsonSimon Goubert Look North Gary BruntonC\u00e9l\u00e9stine de WilliencourtDaniel Beaussier Tr\u00ean Dydd Gary BruntonFran\u00e7ois JeanneauAndrea Michelutti Pee Bee Gary BruntonGilles RelisieuxSandrine DeschampsDavid PatroisEric DesboisDidier ForgetJ\u00e9r\u00e9mie BernardDanieleContinue readingGroupes","og_url":"https:\/\/garybrunton.com\/fr\/groupes","og_site_name":"Gary Brunton","article_modified_time":"2025-07-23T12:14:14+00:00","og_image":[{"width":960,"height":960,"url":"https:\/\/garybrunton.com\/wp-content\/uploads\/2025\/03\/SP-POUR-WEB-3000x3000-1.jpeg","type":"image\/jpeg"}],"twitter_card":"summary_large_image","twitter_misc":{"Dur\u00e9e de lecture estim\u00e9e":"2 minutes"},"schema":{"@context":"https:\/\/schema.org","@graph":[{"@type":"WebPage","@id":"https:\/\/garybrunton.com\/fr\/groupes","url":"https:\/\/garybrunton.com\/fr\/groupes","name":"Groupes - Gary Brunton","isPartOf":{"@id":"https:\/\/garybrunton.com\/#website"},"primaryImageOfPage":{"@id":"https:\/\/garybrunton.com\/fr\/groupes#primaryimage"},"image":{"@id":"https:\/\/garybrunton.com\/fr\/groupes#primaryimage"},"thumbnailUrl":"https:\/\/garybrunton.com\/wp-content\/uploads\/2025\/03\/SP-POUR-WEB-3000x3000-1.jpeg","datePublished":"2021-04-10T11:16:50+00:00","dateModified":"2025-07-23T12:14:14+00:00","breadcrumb":{"@id":"https:\/\/garybrunton.com\/fr\/groupes#breadcrumb"},"inLanguage":"fr-FR","potentialAction":[{"@type":"ReadAction","target":["https:\/\/garybrunton.com\/fr\/groupes"]}]},{"@type":"ImageObject","inLanguage":"fr-FR","@id":"https:\/\/garybrunton.com\/fr\/groupes#primaryimage","url":"https:\/\/garybrunton.com\/wp-content\/uploads\/2025\/03\/SP-POUR-WEB-3000x3000-1.jpeg","contentUrl":"https:\/\/garybrunton.com\/wp-content\/uploads\/2025\/03\/SP-POUR-WEB-3000x3000-1.jpeg"},{"@type":"BreadcrumbList","@id":"https:\/\/garybrunton.com\/fr\/groupes#breadcrumb","itemListElement":[{"@type":"ListItem","position":1,"name":"Home","item":"https:\/\/garybrunton.com\/fr"},{"@type":"ListItem","position":2,"name":"Groupes"}]},{"@type":"WebSite","@id":"https:\/\/garybrunton.com\/#website","url":"https:\/\/garybrunton.com\/","name":"Gary Brunton","description":"Jazzman","publisher":{"@id":"https:\/\/garybrunton.com\/#\/schema\/person\/018ba70c5d1317be209990cfdd79062e"},"potentialAction":[{"@type":"SearchAction","target":{"@type":"EntryPoint","urlTemplate":"https:\/\/garybrunton.com\/?s={search_term_string}"},"query-input":{"@type":"PropertyValueSpecification","valueRequired":true,"valueName":"search_term_string"}}],"inLanguage":"fr-FR"},{"@type":["Person","Organization"],"@id":"https:\/\/garybrunton.com\/#\/schema\/person\/018ba70c5d1317be209990cfdd79062e","name":"Gary Brunton","image":{"@type":"ImageObject","inLanguage":"fr-FR","@id":"https:\/\/garybrunton.com\/wp-content\/uploads\/2023\/03\/Logo-Gary-Brunton-1.png","url":"https:\/\/garybrunton.com\/wp-content\/uploads\/2023\/03\/Logo-Gary-Brunton-1.png","contentUrl":"https:\/\/garybrunton.com\/wp-content\/uploads\/2023\/03\/Logo-Gary-Brunton-1.png","width":1024,"height":434,"caption":"Gary Brunton"},"logo":{"@id":"https:\/\/garybrunton.com\/wp-content\/uploads\/2023\/03\/Logo-Gary-Brunton-1.png"}}]}},"_links":{"self":[{"href":"https:\/\/garybrunton.com\/fr\/wp-json\/wp\/v2\/pages\/1234","targetHints":{"allow":["GET"]}}],"collection":[{"href":"https:\/\/garybrunton.com\/fr\/wp-json\/wp\/v2\/pages"}],"about":[{"href":"https:\/\/garybrunton.com\/fr\/wp-json\/wp\/v2\/types\/page"}],"author":[{"embeddable":true,"href":"https:\/\/garybrunton.com\/fr\/wp-json\/wp\/v2\/users\/1"}],"replies":[{"embeddable":true,"href":"https:\/\/garybrunton.com\/fr\/wp-json\/wp\/v2\/comments?post=1234"}],"version-history":[{"count":38,"href":"https:\/\/garybrunton.com\/fr\/wp-json\/wp\/v2\/pages\/1234\/revisions"}],"predecessor-version":[{"id":2812,"href":"https:\/\/garybrunton.com\/fr\/wp-json\/wp\/v2\/pages\/1234\/revisions\/2812"}],"wp:attachment":[{"href":"https:\/\/garybrunton.com\/fr\/wp-json\/wp\/v2\/media?parent=1234"}],"curies":[{"name":"wp","href":"https:\/\/api.w.org\/{rel}","templated":true}]}}